{"id":6,"date":"2025-02-01T16:44:05","date_gmt":"2025-02-01T16:44:05","guid":{"rendered":"https:\/\/website-yassineguerch.apps.math.cnrs.fr\/?page_id=6"},"modified":"2025-10-27T13:42:33","modified_gmt":"2025-10-27T13:42:33","slug":"presentation","status":"publish","type":"page","link":"https:\/\/website-yassineguerch.apps.math.cnrs.fr\/?page_id=6","title":{"rendered":"Pr\u00e9sentation"},"content":{"rendered":"\n<figure class=\"wp-block-image size-full\"><img loading=\"lazy\" decoding=\"async\" width=\"693\" height=\"697\" src=\"https:\/\/website-yassineguerch.apps.math.cnrs.fr\/wp-content\/uploads\/2025\/02\/image.png\" alt=\"\" class=\"wp-image-9\" srcset=\"https:\/\/website-yassineguerch.apps.math.cnrs.fr\/wp-content\/uploads\/2025\/02\/image.png 693w, https:\/\/website-yassineguerch.apps.math.cnrs.fr\/wp-content\/uploads\/2025\/02\/image-298x300.png 298w, https:\/\/website-yassineguerch.apps.math.cnrs.fr\/wp-content\/uploads\/2025\/02\/image-150x150.png 150w\" sizes=\"auto, (max-width: 693px) 100vw, 693px\" \/><\/figure>\n\n\n\n<p>Je suis Yassine Guerch, charg\u00e9 de recherche au CNRS affect\u00e9 au LMNO de Caen. Mon domaine de recherche est la th\u00e9orie g\u00e9om\u00e9trique des groupes, en particulier l&rsquo;\u00e9tude de groupes d&rsquo;automorphismes de produits libres.<\/p>\n\n\n\n<p><\/p>\n\n\n\n<h1 class=\"wp-block-heading\"><strong><bdo lang=\"fran\u00e7ais\" dir=\"ltr\">Coordonn\u00e9es <\/bdo><\/strong><\/h1>\n\n\n\n<figure class=\"wp-block-table\"><table class=\"has-fixed-layout\"><tbody><tr><td><img loading=\"lazy\" decoding=\"async\" width=\"300\" height=\"97\" class=\"wp-image-10\" style=\"width: 300px;\" src=\"https:\/\/website-yassineguerch.apps.math.cnrs.fr\/wp-content\/uploads\/2025\/02\/logo_lmno.png\" alt=\"\" srcset=\"https:\/\/website-yassineguerch.apps.math.cnrs.fr\/wp-content\/uploads\/2025\/02\/logo_lmno.png 500w, https:\/\/website-yassineguerch.apps.math.cnrs.fr\/wp-content\/uploads\/2025\/02\/logo_lmno-300x97.png 300w\" sizes=\"auto, (max-width: 300px) 100vw, 300px\" \/><\/td><td>Laboratoire de Math\u00e9matiques Nicolas Oresme<br><br>6 boulevard Mar\u00e9chal Juin<br>14000 Caen, FRANCE<\/td><\/tr><tr><td><img loading=\"lazy\" decoding=\"async\" width=\"300\" height=\"158\" class=\"wp-image-11\" style=\"width: 300px;\" src=\"https:\/\/website-yassineguerch.apps.math.cnrs.fr\/wp-content\/uploads\/2025\/02\/telechargement.png\" alt=\"\" srcset=\"https:\/\/website-yassineguerch.apps.math.cnrs.fr\/wp-content\/uploads\/2025\/02\/telechargement.png 310w, https:\/\/website-yassineguerch.apps.math.cnrs.fr\/wp-content\/uploads\/2025\/02\/telechargement-300x158.png 300w\" sizes=\"auto, (max-width: 300px) 100vw, 300px\" \/><\/td><td>CNRS <br><br>yassine.guerch[at]cnrs.fr<\/td><\/tr><\/tbody><\/table><\/figure>\n\n\n\n<ol class=\"wp-block-list\"><\/ol>\n\n\n\n<p><\/p>\n\n\n\n<h1 class=\"wp-block-heading\"><strong><bdo lang=\"fran\u00e7ais\" dir=\"ltr\">CV<\/bdo><\/strong><\/h1>\n\n\n\n<div class=\"wp-block-file\"><a id=\"wp-block-file--media-b13fdbc1-8fe9-4457-ae93-8d935f0cfdf7\" href=\"https:\/\/website-yassineguerch.apps.math.cnrs.fr\/wp-content\/uploads\/2025\/02\/CV_Guerch_Yassine_2-1.pdf\"><strong>Voici un CV<\/strong><\/a><\/div>\n\n\n\n<p><\/p>\n","protected":false},"excerpt":{"rendered":"<p>Je suis Yassine Guerch, charg\u00e9 de recherche au CNRS affect\u00e9 au LMNO de Caen. Mon domaine de recherche est la th\u00e9orie g\u00e9om\u00e9trique des groupes, en particulier l&rsquo;\u00e9tude de groupes d&rsquo;automorphismes de produits libres. Coordonn\u00e9es Laboratoire de Math\u00e9matiques Nicolas Oresme 6 boulevard Mar\u00e9chal Juin14000 Caen, FRANCE CNRS yassine.guerch[at]cnrs.fr CV<\/p>\n","protected":false},"author":1,"featured_media":0,"parent":0,"menu_order":0,"comment_status":"closed","ping_status":"closed","template":"","meta":{"footnotes":""},"class_list":["post-6","page","type-page","status-publish","hentry"],"yoast_head":"<!-- This site is optimized with the Yoast SEO plugin v24.4 - https:\/\/yoast.com\/wordpress\/plugins\/seo\/ -->\n<title>Pr\u00e9sentation - Page personnelle de Yassine Guerch<\/title>\n<meta name=\"robots\" content=\"index, follow, max-snippet:-1, max-image-preview:large, max-video-preview:-1\" \/>\n<link rel=\"canonical\" href=\"https:\/\/website-yassineguerch.apps.math.cnrs.fr\/?page_id=6\" \/>\n<meta property=\"og:locale\" content=\"fr_FR\" \/>\n<meta property=\"og:type\" content=\"article\" \/>\n<meta property=\"og:title\" content=\"Pr\u00e9sentation - Page personnelle de Yassine Guerch\" \/>\n<meta property=\"og:description\" content=\"Je suis Yassine Guerch, charg\u00e9 de recherche au CNRS affect\u00e9 au LMNO de Caen. Mon domaine de recherche est la th\u00e9orie g\u00e9om\u00e9trique des groupes, en particulier l&rsquo;\u00e9tude de groupes d&rsquo;automorphismes de produits libres. Coordonn\u00e9es Laboratoire de Math\u00e9matiques Nicolas Oresme 6 boulevard Mar\u00e9chal Juin14000 Caen, FRANCE CNRS yassine.guerch[at]cnrs.fr CV\" \/>\n<meta property=\"og:url\" content=\"https:\/\/website-yassineguerch.apps.math.cnrs.fr\/?page_id=6\" \/>\n<meta property=\"og:site_name\" content=\"Page personnelle de Yassine Guerch\" \/>\n<meta property=\"article:modified_time\" content=\"2025-10-27T13:42:33+00:00\" \/>\n<meta property=\"og:image\" content=\"https:\/\/website-yassineguerch.apps.math.cnrs.fr\/wp-content\/uploads\/2025\/02\/image.png\" \/>\n\t<meta property=\"og:image:width\" content=\"693\" \/>\n\t<meta property=\"og:image:height\" content=\"697\" \/>\n\t<meta property=\"og:image:type\" content=\"image\/png\" \/>\n<meta name=\"twitter:card\" content=\"summary_large_image\" \/>\n<meta name=\"twitter:label1\" content=\"Dur\u00e9e de lecture estim\u00e9e\" \/>\n\t<meta name=\"twitter:data1\" content=\"1 minute\" \/>\n<script type=\"application\/ld+json\" class=\"yoast-schema-graph\">{\"@context\":\"https:\/\/schema.org\",\"@graph\":[{\"@type\":\"WebPage\",\"@id\":\"https:\/\/website-yassineguerch.apps.math.cnrs.fr\/?page_id=6\",\"url\":\"https:\/\/website-yassineguerch.apps.math.cnrs.fr\/?page_id=6\",\"name\":\"Pr\u00e9sentation - Page personnelle de Yassine Guerch\",\"isPartOf\":{\"@id\":\"https:\/\/website-yassineguerch.apps.math.cnrs.fr\/#website\"},\"primaryImageOfPage\":{\"@id\":\"https:\/\/website-yassineguerch.apps.math.cnrs.fr\/?page_id=6#primaryimage\"},\"image\":{\"@id\":\"https:\/\/website-yassineguerch.apps.math.cnrs.fr\/?page_id=6#primaryimage\"},\"thumbnailUrl\":\"https:\/\/website-yassineguerch.apps.math.cnrs.fr\/wp-content\/uploads\/2025\/02\/image.png\",\"datePublished\":\"2025-02-01T16:44:05+00:00\",\"dateModified\":\"2025-10-27T13:42:33+00:00\",\"breadcrumb\":{\"@id\":\"https:\/\/website-yassineguerch.apps.math.cnrs.fr\/?page_id=6#breadcrumb\"},\"inLanguage\":\"fr-FR\",\"potentialAction\":[{\"@type\":\"ReadAction\",\"target\":[\"https:\/\/website-yassineguerch.apps.math.cnrs.fr\/?page_id=6\"]}]},{\"@type\":\"ImageObject\",\"inLanguage\":\"fr-FR\",\"@id\":\"https:\/\/website-yassineguerch.apps.math.cnrs.fr\/?page_id=6#primaryimage\",\"url\":\"https:\/\/website-yassineguerch.apps.math.cnrs.fr\/wp-content\/uploads\/2025\/02\/image.png\",\"contentUrl\":\"https:\/\/website-yassineguerch.apps.math.cnrs.fr\/wp-content\/uploads\/2025\/02\/image.png\",\"width\":693,\"height\":697},{\"@type\":\"BreadcrumbList\",\"@id\":\"https:\/\/website-yassineguerch.apps.math.cnrs.fr\/?page_id=6#breadcrumb\",\"itemListElement\":[{\"@type\":\"ListItem\",\"position\":1,\"name\":\"Accueil\",\"item\":\"https:\/\/website-yassineguerch.apps.math.cnrs.fr\/\"},{\"@type\":\"ListItem\",\"position\":2,\"name\":\"Pr\u00e9sentation\"}]},{\"@type\":\"WebSite\",\"@id\":\"https:\/\/website-yassineguerch.apps.math.cnrs.fr\/#website\",\"url\":\"https:\/\/website-yassineguerch.apps.math.cnrs.fr\/\",\"name\":\"Page personnelle Yassine Guerch\",\"description\":\"\",\"potentialAction\":[{\"@type\":\"SearchAction\",\"target\":{\"@type\":\"EntryPoint\",\"urlTemplate\":\"https:\/\/website-yassineguerch.apps.math.cnrs.fr\/?s={search_term_string}\"},\"query-input\":{\"@type\":\"PropertyValueSpecification\",\"valueRequired\":true,\"valueName\":\"search_term_string\"}}],\"inLanguage\":\"fr-FR\"}]}<\/script>\n<!-- \/ Yoast SEO plugin. -->","yoast_head_json":{"title":"Pr\u00e9sentation - Page personnelle de Yassine Guerch","robots":{"index":"index","follow":"follow","max-snippet":"max-snippet:-1","max-image-preview":"max-image-preview:large","max-video-preview":"max-video-preview:-1"},"canonical":"https:\/\/website-yassineguerch.apps.math.cnrs.fr\/?page_id=6","og_locale":"fr_FR","og_type":"article","og_title":"Pr\u00e9sentation - Page personnelle de Yassine Guerch","og_description":"Je suis Yassine Guerch, charg\u00e9 de recherche au CNRS affect\u00e9 au LMNO de Caen. Mon domaine de recherche est la th\u00e9orie g\u00e9om\u00e9trique des groupes, en particulier l&rsquo;\u00e9tude de groupes d&rsquo;automorphismes de produits libres. Coordonn\u00e9es Laboratoire de Math\u00e9matiques Nicolas Oresme 6 boulevard Mar\u00e9chal Juin14000 Caen, FRANCE CNRS yassine.guerch[at]cnrs.fr CV","og_url":"https:\/\/website-yassineguerch.apps.math.cnrs.fr\/?page_id=6","og_site_name":"Page personnelle de Yassine Guerch","article_modified_time":"2025-10-27T13:42:33+00:00","og_image":[{"width":693,"height":697,"url":"https:\/\/website-yassineguerch.apps.math.cnrs.fr\/wp-content\/uploads\/2025\/02\/image.png","type":"image\/png"}],"twitter_card":"summary_large_image","twitter_misc":{"Dur\u00e9e de lecture estim\u00e9e":"1 minute"},"schema":{"@context":"https:\/\/schema.org","@graph":[{"@type":"WebPage","@id":"https:\/\/website-yassineguerch.apps.math.cnrs.fr\/?page_id=6","url":"https:\/\/website-yassineguerch.apps.math.cnrs.fr\/?page_id=6","name":"Pr\u00e9sentation - Page personnelle de Yassine Guerch","isPartOf":{"@id":"https:\/\/website-yassineguerch.apps.math.cnrs.fr\/#website"},"primaryImageOfPage":{"@id":"https:\/\/website-yassineguerch.apps.math.cnrs.fr\/?page_id=6#primaryimage"},"image":{"@id":"https:\/\/website-yassineguerch.apps.math.cnrs.fr\/?page_id=6#primaryimage"},"thumbnailUrl":"https:\/\/website-yassineguerch.apps.math.cnrs.fr\/wp-content\/uploads\/2025\/02\/image.png","datePublished":"2025-02-01T16:44:05+00:00","dateModified":"2025-10-27T13:42:33+00:00","breadcrumb":{"@id":"https:\/\/website-yassineguerch.apps.math.cnrs.fr\/?page_id=6#breadcrumb"},"inLanguage":"fr-FR","potentialAction":[{"@type":"ReadAction","target":["https:\/\/website-yassineguerch.apps.math.cnrs.fr\/?page_id=6"]}]},{"@type":"ImageObject","inLanguage":"fr-FR","@id":"https:\/\/website-yassineguerch.apps.math.cnrs.fr\/?page_id=6#primaryimage","url":"https:\/\/website-yassineguerch.apps.math.cnrs.fr\/wp-content\/uploads\/2025\/02\/image.png","contentUrl":"https:\/\/website-yassineguerch.apps.math.cnrs.fr\/wp-content\/uploads\/2025\/02\/image.png","width":693,"height":697},{"@type":"BreadcrumbList","@id":"https:\/\/website-yassineguerch.apps.math.cnrs.fr\/?page_id=6#breadcrumb","itemListElement":[{"@type":"ListItem","position":1,"name":"Accueil","item":"https:\/\/website-yassineguerch.apps.math.cnrs.fr\/"},{"@type":"ListItem","position":2,"name":"Pr\u00e9sentation"}]},{"@type":"WebSite","@id":"https:\/\/website-yassineguerch.apps.math.cnrs.fr\/#website","url":"https:\/\/website-yassineguerch.apps.math.cnrs.fr\/","name":"Page personnelle Yassine Guerch","description":"","potentialAction":[{"@type":"SearchAction","target":{"@type":"EntryPoint","urlTemplate":"https:\/\/website-yassineguerch.apps.math.cnrs.fr\/?s={search_term_string}"},"query-input":{"@type":"PropertyValueSpecification","valueRequired":true,"valueName":"search_term_string"}}],"inLanguage":"fr-FR"}]}},"_links":{"self":[{"href":"https:\/\/website-yassineguerch.apps.math.cnrs.fr\/index.php?rest_route=\/wp\/v2\/pages\/6","targetHints":{"allow":["GET"]}}],"collection":[{"href":"https:\/\/website-yassineguerch.apps.math.cnrs.fr\/index.php?rest_route=\/wp\/v2\/pages"}],"about":[{"href":"https:\/\/website-yassineguerch.apps.math.cnrs.fr\/index.php?rest_route=\/wp\/v2\/types\/page"}],"author":[{"embeddable":true,"href":"https:\/\/website-yassineguerch.apps.math.cnrs.fr\/index.php?rest_route=\/wp\/v2\/users\/1"}],"replies":[{"embeddable":true,"href":"https:\/\/website-yassineguerch.apps.math.cnrs.fr\/index.php?rest_route=%2Fwp%2Fv2%2Fcomments&post=6"}],"version-history":[{"count":6,"href":"https:\/\/website-yassineguerch.apps.math.cnrs.fr\/index.php?rest_route=\/wp\/v2\/pages\/6\/revisions"}],"predecessor-version":[{"id":118,"href":"https:\/\/website-yassineguerch.apps.math.cnrs.fr\/index.php?rest_route=\/wp\/v2\/pages\/6\/revisions\/118"}],"wp:attachment":[{"href":"https:\/\/website-yassineguerch.apps.math.cnrs.fr\/index.php?rest_route=%2Fwp%2Fv2%2Fmedia&parent=6"}],"curies":[{"name":"wp","href":"https:\/\/api.w.org\/{rel}","templated":true}]}}