{"id":41,"date":"2025-02-01T18:11:20","date_gmt":"2025-02-01T18:11:20","guid":{"rendered":"https:\/\/website-yassineguerch.apps.math.cnrs.fr\/?page_id=41"},"modified":"2025-12-16T17:22:58","modified_gmt":"2025-12-16T17:22:58","slug":"conferences","status":"publish","type":"page","link":"https:\/\/website-yassineguerch.apps.math.cnrs.fr\/?page_id=41","title":{"rendered":"Conf\u00e9rences"},"content":{"rendered":"\n<h2 class=\"wp-block-heading\"><\/h2>\n\n\n\n<h2 class=\"wp-block-heading has-text-align-center is-style-text-subtitle is-style-text-subtitle--1\">2019<\/h2>\n\n\n\n<p>Conf\u00e9rence \u00ab\u00a0Outer space in Bielefeld\u00a0\u00bb (24-28\/09\/2019) : Participant non intervenant<\/p>\n\n\n\n<p><\/p>\n\n\n\n<hr class=\"wp-block-separator has-alpha-channel-opacity\"\/>\n\n\n\n<h2 class=\"wp-block-heading has-text-align-center is-style-text-subtitle is-style-text-subtitle--2\">2020<\/h2>\n\n\n\n<p>Conf\u00e9rence \u00ab\u00a0Young Geometric Group Theory\u00a0\u00bb (24-28\/02\/2020) : Participant non intervenant<\/p>\n\n\n\n<p>Conf\u00e9rence \u00ab\u00a0Geometric Group Theory without boudaries\u00a0\u00bb (20-31\/07\/2020) : Participant non intervenant<\/p>\n\n\n\n<p>S\u00e9minaire \u00ab\u00a0Tea-Seminar at Muenster\u00a0\u00bb (17\/11\/2020) : <strong>Intervenant<\/strong><\/p>\n\n\n\n<p>Conf\u00e9rence \u00ab\u00a0Paroles aux jeunes g\u00e9om\u00e8tres dynamiques\u00a0\u00bb (7-9\/12\/2020) : Participant non intervenant<\/p>\n\n\n\n<p><\/p>\n\n\n\n<hr class=\"wp-block-separator has-alpha-channel-opacity\"\/>\n\n\n\n<h2 class=\"wp-block-heading has-text-align-center is-style-text-subtitle is-style-text-subtitle--3\">2021<\/h2>\n\n\n\n<p>\u00ab\u00a0S\u00e9minaire virtuel francophone <em>Groupes et G\u00e9om\u00e9trie<\/em>\u00a0\u00bb (28\/01\/2021) : <strong>Intervenant<\/strong><\/p>\n\n\n\n<p>Conf\u00e9rence \u00ab\u00a0Graduate student conference in Algebra, Geometry and Topology : Philadelphia 2021\u00a0\u00bb (21-23\/05\/2021) : <strong>Intervenant<\/strong><\/p>\n\n\n\n<p>\u00ab\u00a0S\u00e9minaire d&rsquo;\u00e9quipe : Topologie et dynamique\u00a0\u00bb Laboratoire de Math\u00e9matiques d&rsquo;Orsay (03\/06\/2021) : <strong>Intervenant<\/strong><\/p>\n\n\n\n<p>Conf\u00e9rence \u00ab\u00a0Geometric and Asymptotic Group Theory with Applications 2021\u00a0\u00bb (07-11\/06\/2021) : <strong>Intervenant<\/strong><\/p>\n\n\n\n<p>Conf\u00e9rence \u00ab\u00a0Beyond Hyperbolicity at the Ohio State University\u00a0\u00bb (28\/06 &#8211; 02\/07\/2021) : <strong>Intervenant<\/strong><\/p>\n\n\n\n<p>\u00ab\u00a0S\u00e9minaire des doctorants\u00a0\u00bb de l&rsquo;Institut de Recherche Math\u00e9matique de Rennes (01\/07\/2021) : <strong>Intervenant<\/strong><\/p>\n\n\n\n<p>Conf\u00e9rence \u00ab\u00a0Artin Groups, CAT(0) geometry and related topics\u00a0\u00bb (5-9\/07\/2021) : Participant non intervenant<\/p>\n\n\n\n<p>Conf\u00e9rence \u00ab\u00a0Young Geometric Group Theory\u00a0\u00bb (26-30\/07\/2021) : Participant non intervenant<\/p>\n\n\n\n<p><\/p>\n\n\n\n<hr class=\"wp-block-separator has-alpha-channel-opacity\"\/>\n\n\n\n<h2 class=\"wp-block-heading has-text-align-center is-style-text-subtitle is-style-text-subtitle--4\">2022<\/h2>\n\n\n\n<p>\u00ab\u00a0S\u00e9minaire Rauzy\u00a0\u00bb \u00e0 Marseille (11\/02\/2022) : <strong>Intervenant<\/strong><\/p>\n\n\n\n<p>\u00ab\u00a0S\u00e9minaire Alg\u00e8bre et G\u00e9om\u00e9trie\u00a0\u00bb \u00e0 Caen (15\/03\/2022) : <strong>Intervenant<\/strong><\/p>\n\n\n\n<p>S\u00e9minaire \u00ab\u00a0Groupes et alg\u00e8bres d&rsquo;op\u00e9rateurs\u00a0\u00bb \u00e0 Orsay (28\/03\/2022) : <strong>Intervenant<\/strong><\/p>\n\n\n\n<p>\u00ab\u00a0S\u00e9minaire de Th\u00e9orie ergodique\u00a0\u00bb \u00e0 Rennes (04\/04\/2022) : <strong>Intervenant<\/strong><\/p>\n\n\n\n<p>Trimestre th\u00e9matique \u00ab\u00a0Groups Acting on Fractals, Hyperbolicity and Self-similarity\u00a0\u00bb \u00e0 l&rsquo;IHP (04-07\/2022) : Participant non intervenant<\/p>\n\n\n\n<p>\u00ab\u00a0S\u00e9minaire Topologie et G\u00e9om\u00e9trie\u00a0\u00bb \u00e0 Toulouse (24\/05\/2022) : <strong>Intervenant<\/strong><\/p>\n\n\n\n<p>Conf\u00e9rence \u00ab\u00a0World of groupcraft II\u00a0\u00bb (02\/09\/2022) : <strong>Intervenant<\/strong><\/p>\n\n\n\n<p>\u00ab\u00a0S\u00e9minaire Darboux\u00a0\u00bb \u00e0 Montpellier (30\/09\/2022) : <strong>Intervenant<\/strong><\/p>\n\n\n\n<p>\u00ab\u00a0S\u00e9minaire d&rsquo;\u00e9quipe G\u00e9om\u00e9trie, groupes et dynamique\u00a0\u00bb \u00e0 Lyon (12\/10\/2022) : <strong>Intervenant<\/strong><\/p>\n\n\n\n<p>\u00ab\u00a0S\u00e9minaire (topologie)\u00a0\u00bb \u00e0 Grenoble (18\/11\/2022) : <strong>Intervenant<\/strong><\/p>\n\n\n\n<p>Conf\u00e9rence \u00ab\u00a0Paroles aux jeunes chercheuses et chercheurs en g\u00e9om\u00e9trie et dynamique\u00a0\u00bb \u00e0 Orsay (23-25\/11\/2022) : <strong>Intervenant<\/strong><\/p>\n\n\n\n<p><\/p>\n\n\n\n<hr class=\"wp-block-separator has-alpha-channel-opacity\"\/>\n\n\n\n<h2 class=\"wp-block-heading has-text-align-center is-style-text-subtitle is-style-text-subtitle--5\">2023<\/h2>\n\n\n\n<p>Groupe de travail \u00ab\u00a0Actions!\u00a0\u00bb \u00e0 Lyon (17 et 24\/01\/2023) : <strong>Intervenant<\/strong><\/p>\n\n\n\n<p>S\u00e9minaire \u00ab\u00a0Geometrie dynamique\u00a0\u00bb \u00e0 Lille (10\/02\/2023) : <strong>Intervenant<\/strong><\/p>\n\n\n\n<p>S\u00e9minaire \u00ab\u00a0Geometric Group Theory\u00a0\u00bb \u00e0 Cambridge (24\/02\/2023) : <strong>Intervenant<\/strong><\/p>\n\n\n\n<p>\u00c9cole de printemps en g\u00e9om\u00e9trie et dynamique \u00e0 Lille (21-24\/03\/2023) : Participant non intervenant<\/p>\n\n\n\n<p>Conf\u00e9rence \u00ab\u00a0Th\u00e9orie mesur\u00e9e des groupes, processus stochastiques sur les groupes et combinatoire Bor\u00e9lienne\u00a0\u00bb \u00e0 Marseille (22-26\/05\/2023) : Participant non intervenant<\/p>\n\n\n\n<p>Conf\u00e9rence \u00ab\u00a0Coarse geometry and dynamics\u00a0\u00bb \u00e0 Lyon (30\/08 &#8211; 01\/09\/2023) : Participant non intervenant<\/p>\n\n\n\n<p>S\u00e9minaire \u00ab\u00a0Long-distance seminar on Geometric Group Theory in Mexico\u00a0\u00bb en ligne (28\/09\/2023) : <strong>Intervenant<\/strong><\/p>\n\n\n\n<p>Workshop \u00ab\u00a0Rigidity properties of free-by-cyclic groups\u00a0\u00bb \u00e0 Los Angeles (02-06\/10\/2023) : <strong>Intervenant<\/strong><\/p>\n\n\n\n<p>S\u00e9minaire \u00a0\u00bb Space Tours \u00a0\u00bb \u00e0 Tours (20\/10\/2023) : <strong>Intervenant<\/strong><\/p>\n\n\n\n<p>S\u00e9minaire \u00a0\u00bb Alg\u00e8bre et G\u00e9om\u00e9trie \u00a0\u00bb \u00e0 Caen (28\/11\/2023) : <strong>Intervenant<\/strong><\/p>\n\n\n\n<p><\/p>\n\n\n\n<hr class=\"wp-block-separator has-alpha-channel-opacity\"\/>\n\n\n\n<h2 class=\"wp-block-heading has-text-align-center is-style-text-subtitle is-style-text-subtitle--6\">2024<\/h2>\n\n\n\n<p>Groupe de travail \u00ab\u00a0Actions!\u00a0\u00bb \u00e0 Lyon (23\/01\/2024) : <strong>Intervenant<\/strong><\/p>\n\n\n\n<p>S\u00e9minaire \u00a0\u00bb G\u00e9om\u00e9trie, Alg\u00e8bre, Dynamique et Topologie\u00a0\u00bb \u00e0 Dijon (08\/02\/2024) : <strong>Intervenant<\/strong><\/p>\n\n\n\n<p>S\u00e9minaire \u00a0\u00bb G\u00e9om\u00e9trie et applications\u00a0\u00bb \u00e0 Strasbourg (12\/02\/2024) : <strong>Intervenant<\/strong><\/p>\n\n\n\n<p>Conf\u00e9rence \u00a0\u00bb Rigidit\u00e9 en th\u00e9orie des groupes : aspects g\u00e9om\u00e9triques et ergodiques\u00a0\u00bb \u00e0 Orsay (19 -22\/03\/2024) : <strong>Intervenant<\/strong><\/p>\n\n\n\n<p>S\u00e9minaire \u00a0\u00bb Alg\u00e8bre et G\u00e9om\u00e9trie \u00a0\u00bb \u00e0 Caen (05\/11\/2024) : <strong>Intervenant<\/strong><\/p>\n\n\n\n<p>S\u00e9minaire \u00ab\u00a0Alg\u00e8bre d&rsquo;op\u00e9rateurs \u00a0\u00bb \u00e0 Paris (28\/11\/2024) : <strong>Intervenant<\/strong><\/p>\n\n\n\n<p><\/p>\n\n\n\n<hr class=\"wp-block-separator has-alpha-channel-opacity\"\/>\n\n\n\n<h2 class=\"wp-block-heading has-text-align-center is-style-text-subtitle is-style-text-subtitle--7\">2025<\/h2>\n\n\n\n<p>Conf\u00e9rence \u00ab\u00a0Equivalence orbitale, dynamique topologique et mesur\u00e9e\u00a0\u00bb \u00e0 Marseille (25-29\/08\/2025) : Participant non intervenant<\/p>\n\n\n\n<p>S\u00e9minaire \u00ab\u00a0Groupes et Actions\u00a0\u00bb \u00e0 Orsay (08\/12\/2025) : Intervenant<\/p>\n\n\n\n<p><\/p>\n\n\n\n<hr class=\"wp-block-separator has-alpha-channel-opacity\"\/>\n\n\n\n<h2 class=\"wp-block-heading has-text-align-center is-style-text-subtitle is-style-text-subtitle--8\">2026<\/h2>\n\n\n\n<p><\/p>\n\n\n\n<hr class=\"wp-block-separator has-alpha-channel-opacity\"\/>\n\n\n\n<h2 class=\"wp-block-heading has-text-align-center is-style-text-subtitle is-style-text-subtitle--9\">A venir<\/h2>\n\n\n\n<p><em>\u00ab\u00a0S\u00e9minaire Darboux\u00a0\u00bb \u00e0 Montpellier (16\/01\/2026) : <strong>Intervenant<\/strong><\/em><\/p>\n","protected":false},"excerpt":{"rendered":"<p>2019 Conf\u00e9rence \u00ab\u00a0Outer space in Bielefeld\u00a0\u00bb (24-28\/09\/2019) : Participant non intervenant 2020 Conf\u00e9rence \u00ab\u00a0Young Geometric Group Theory\u00a0\u00bb (24-28\/02\/2020) : Participant non intervenant Conf\u00e9rence \u00ab\u00a0Geometric Group Theory without boudaries\u00a0\u00bb (20-31\/07\/2020) : Participant non intervenant S\u00e9minaire \u00ab\u00a0Tea-Seminar at Muenster\u00a0\u00bb (17\/11\/2020) : Intervenant Conf\u00e9rence \u00ab\u00a0Paroles aux jeunes g\u00e9om\u00e8tres dynamiques\u00a0\u00bb (7-9\/12\/2020) : Participant non intervenant 2021 \u00ab\u00a0S\u00e9minaire virtuel francophone [&hellip;]<\/p>\n","protected":false},"author":1,"featured_media":0,"parent":0,"menu_order":0,"comment_status":"closed","ping_status":"closed","template":"","meta":{"footnotes":""},"class_list":["post-41","page","type-page","status-publish","hentry"],"yoast_head":"<!-- This site is optimized with the Yoast SEO plugin v24.4 - https:\/\/yoast.com\/wordpress\/plugins\/seo\/ -->\n<title>Conf\u00e9rences - Page personnelle de Yassine Guerch<\/title>\n<meta name=\"robots\" content=\"index, follow, max-snippet:-1, max-image-preview:large, max-video-preview:-1\" \/>\n<link rel=\"canonical\" href=\"https:\/\/website-yassineguerch.apps.math.cnrs.fr\/?page_id=41\" \/>\n<meta property=\"og:locale\" content=\"fr_FR\" \/>\n<meta property=\"og:type\" content=\"article\" \/>\n<meta property=\"og:title\" content=\"Conf\u00e9rences - Page personnelle de Yassine Guerch\" \/>\n<meta property=\"og:description\" content=\"2019 Conf\u00e9rence \u00ab\u00a0Outer space in Bielefeld\u00a0\u00bb (24-28\/09\/2019) : Participant non intervenant 2020 Conf\u00e9rence \u00ab\u00a0Young Geometric Group Theory\u00a0\u00bb (24-28\/02\/2020) : Participant non intervenant Conf\u00e9rence \u00ab\u00a0Geometric Group Theory without boudaries\u00a0\u00bb (20-31\/07\/2020) : Participant non intervenant S\u00e9minaire \u00ab\u00a0Tea-Seminar at Muenster\u00a0\u00bb (17\/11\/2020) : Intervenant Conf\u00e9rence \u00ab\u00a0Paroles aux jeunes g\u00e9om\u00e8tres dynamiques\u00a0\u00bb (7-9\/12\/2020) : Participant non intervenant 2021 \u00ab\u00a0S\u00e9minaire virtuel francophone [&hellip;]\" \/>\n<meta property=\"og:url\" content=\"https:\/\/website-yassineguerch.apps.math.cnrs.fr\/?page_id=41\" \/>\n<meta property=\"og:site_name\" content=\"Page personnelle de Yassine Guerch\" \/>\n<meta property=\"article:modified_time\" content=\"2025-12-16T17:22:58+00:00\" \/>\n<meta name=\"twitter:card\" content=\"summary_large_image\" \/>\n<meta name=\"twitter:label1\" content=\"Dur\u00e9e de lecture estim\u00e9e\" \/>\n\t<meta name=\"twitter:data1\" content=\"3 minutes\" \/>\n<script type=\"application\/ld+json\" class=\"yoast-schema-graph\">{\"@context\":\"https:\/\/schema.org\",\"@graph\":[{\"@type\":\"WebPage\",\"@id\":\"https:\/\/website-yassineguerch.apps.math.cnrs.fr\/?page_id=41\",\"url\":\"https:\/\/website-yassineguerch.apps.math.cnrs.fr\/?page_id=41\",\"name\":\"Conf\u00e9rences - Page personnelle de Yassine Guerch\",\"isPartOf\":{\"@id\":\"https:\/\/website-yassineguerch.apps.math.cnrs.fr\/#website\"},\"datePublished\":\"2025-02-01T18:11:20+00:00\",\"dateModified\":\"2025-12-16T17:22:58+00:00\",\"breadcrumb\":{\"@id\":\"https:\/\/website-yassineguerch.apps.math.cnrs.fr\/?page_id=41#breadcrumb\"},\"inLanguage\":\"fr-FR\",\"potentialAction\":[{\"@type\":\"ReadAction\",\"target\":[\"https:\/\/website-yassineguerch.apps.math.cnrs.fr\/?page_id=41\"]}]},{\"@type\":\"BreadcrumbList\",\"@id\":\"https:\/\/website-yassineguerch.apps.math.cnrs.fr\/?page_id=41#breadcrumb\",\"itemListElement\":[{\"@type\":\"ListItem\",\"position\":1,\"name\":\"Accueil\",\"item\":\"https:\/\/website-yassineguerch.apps.math.cnrs.fr\/\"},{\"@type\":\"ListItem\",\"position\":2,\"name\":\"Conf\u00e9rences\"}]},{\"@type\":\"WebSite\",\"@id\":\"https:\/\/website-yassineguerch.apps.math.cnrs.fr\/#website\",\"url\":\"https:\/\/website-yassineguerch.apps.math.cnrs.fr\/\",\"name\":\"Page personnelle Yassine Guerch\",\"description\":\"\",\"potentialAction\":[{\"@type\":\"SearchAction\",\"target\":{\"@type\":\"EntryPoint\",\"urlTemplate\":\"https:\/\/website-yassineguerch.apps.math.cnrs.fr\/?s={search_term_string}\"},\"query-input\":{\"@type\":\"PropertyValueSpecification\",\"valueRequired\":true,\"valueName\":\"search_term_string\"}}],\"inLanguage\":\"fr-FR\"}]}<\/script>\n<!-- \/ Yoast SEO plugin. -->","yoast_head_json":{"title":"Conf\u00e9rences - Page personnelle de Yassine Guerch","robots":{"index":"index","follow":"follow","max-snippet":"max-snippet:-1","max-image-preview":"max-image-preview:large","max-video-preview":"max-video-preview:-1"},"canonical":"https:\/\/website-yassineguerch.apps.math.cnrs.fr\/?page_id=41","og_locale":"fr_FR","og_type":"article","og_title":"Conf\u00e9rences - Page personnelle de Yassine Guerch","og_description":"2019 Conf\u00e9rence \u00ab\u00a0Outer space in Bielefeld\u00a0\u00bb (24-28\/09\/2019) : Participant non intervenant 2020 Conf\u00e9rence \u00ab\u00a0Young Geometric Group Theory\u00a0\u00bb (24-28\/02\/2020) : Participant non intervenant Conf\u00e9rence \u00ab\u00a0Geometric Group Theory without boudaries\u00a0\u00bb (20-31\/07\/2020) : Participant non intervenant S\u00e9minaire \u00ab\u00a0Tea-Seminar at Muenster\u00a0\u00bb (17\/11\/2020) : Intervenant Conf\u00e9rence \u00ab\u00a0Paroles aux jeunes g\u00e9om\u00e8tres dynamiques\u00a0\u00bb (7-9\/12\/2020) : Participant non intervenant 2021 \u00ab\u00a0S\u00e9minaire virtuel francophone [&hellip;]","og_url":"https:\/\/website-yassineguerch.apps.math.cnrs.fr\/?page_id=41","og_site_name":"Page personnelle de Yassine Guerch","article_modified_time":"2025-12-16T17:22:58+00:00","twitter_card":"summary_large_image","twitter_misc":{"Dur\u00e9e de lecture estim\u00e9e":"3 minutes"},"schema":{"@context":"https:\/\/schema.org","@graph":[{"@type":"WebPage","@id":"https:\/\/website-yassineguerch.apps.math.cnrs.fr\/?page_id=41","url":"https:\/\/website-yassineguerch.apps.math.cnrs.fr\/?page_id=41","name":"Conf\u00e9rences - Page personnelle de Yassine Guerch","isPartOf":{"@id":"https:\/\/website-yassineguerch.apps.math.cnrs.fr\/#website"},"datePublished":"2025-02-01T18:11:20+00:00","dateModified":"2025-12-16T17:22:58+00:00","breadcrumb":{"@id":"https:\/\/website-yassineguerch.apps.math.cnrs.fr\/?page_id=41#breadcrumb"},"inLanguage":"fr-FR","potentialAction":[{"@type":"ReadAction","target":["https:\/\/website-yassineguerch.apps.math.cnrs.fr\/?page_id=41"]}]},{"@type":"BreadcrumbList","@id":"https:\/\/website-yassineguerch.apps.math.cnrs.fr\/?page_id=41#breadcrumb","itemListElement":[{"@type":"ListItem","position":1,"name":"Accueil","item":"https:\/\/website-yassineguerch.apps.math.cnrs.fr\/"},{"@type":"ListItem","position":2,"name":"Conf\u00e9rences"}]},{"@type":"WebSite","@id":"https:\/\/website-yassineguerch.apps.math.cnrs.fr\/#website","url":"https:\/\/website-yassineguerch.apps.math.cnrs.fr\/","name":"Page personnelle Yassine Guerch","description":"","potentialAction":[{"@type":"SearchAction","target":{"@type":"EntryPoint","urlTemplate":"https:\/\/website-yassineguerch.apps.math.cnrs.fr\/?s={search_term_string}"},"query-input":{"@type":"PropertyValueSpecification","valueRequired":true,"valueName":"search_term_string"}}],"inLanguage":"fr-FR"}]}},"_links":{"self":[{"href":"https:\/\/website-yassineguerch.apps.math.cnrs.fr\/index.php?rest_route=\/wp\/v2\/pages\/41","targetHints":{"allow":["GET"]}}],"collection":[{"href":"https:\/\/website-yassineguerch.apps.math.cnrs.fr\/index.php?rest_route=\/wp\/v2\/pages"}],"about":[{"href":"https:\/\/website-yassineguerch.apps.math.cnrs.fr\/index.php?rest_route=\/wp\/v2\/types\/page"}],"author":[{"embeddable":true,"href":"https:\/\/website-yassineguerch.apps.math.cnrs.fr\/index.php?rest_route=\/wp\/v2\/users\/1"}],"replies":[{"embeddable":true,"href":"https:\/\/website-yassineguerch.apps.math.cnrs.fr\/index.php?rest_route=%2Fwp%2Fv2%2Fcomments&post=41"}],"version-history":[{"count":10,"href":"https:\/\/website-yassineguerch.apps.math.cnrs.fr\/index.php?rest_route=\/wp\/v2\/pages\/41\/revisions"}],"predecessor-version":[{"id":126,"href":"https:\/\/website-yassineguerch.apps.math.cnrs.fr\/index.php?rest_route=\/wp\/v2\/pages\/41\/revisions\/126"}],"wp:attachment":[{"href":"https:\/\/website-yassineguerch.apps.math.cnrs.fr\/index.php?rest_route=%2Fwp%2Fv2%2Fmedia&parent=41"}],"curies":[{"name":"wp","href":"https:\/\/api.w.org\/{rel}","templated":true}]}}