{"id":114,"date":"2025-10-27T13:41:21","date_gmt":"2025-10-27T13:41:21","guid":{"rendered":"https:\/\/website-yassineguerch.apps.math.cnrs.fr\/?page_id=114"},"modified":"2025-12-16T17:28:15","modified_gmt":"2025-12-16T17:28:15","slug":"organisation","status":"publish","type":"page","link":"https:\/\/website-yassineguerch.apps.math.cnrs.fr\/?page_id=114","title":{"rendered":"Organisation"},"content":{"rendered":"\n<p><\/p>\n\n\n\n<h2 class=\"wp-block-heading has-text-align-center is-style-text-subtitle is-style-text-subtitle--1\">S\u00e9minaires<\/h2>\n\n\n\n<p>S\u00e9minaire \u00ab\u00a0<a href=\"https:\/\/lmno.unicaen.fr\/seminaires\/seminaire-dalgebre-et-de-geometrie\/\">Alg\u00e8bre et G\u00e9om\u00e9trie<\/a>\u00a0\u00bb \u00e0 Caen : Co-organisateur avec <a href=\"https:\/\/guaschi.users.lmno.cnrs.fr\/\">J. Guaschi<\/a> et <a href=\"https:\/\/sites.google.com\/view\/arthur-soulie\">A. Souli\u00e9<\/a><\/p>\n\n\n\n<p>S\u00e9minaire virtuel francophone \u00ab\u00a0<a href=\"https:\/\/www-fourier.univ-grenoble-alpes.fr\/seminaire-gg\/\">Groupes et G\u00e9om\u00e9trie<\/a>\u00a0\u00bb : Co-organisateur avec <a href=\"https:\/\/www-fourier.ujf-grenoble.fr\/~dahmani\/\">F. Dahmani<\/a>, <a href=\"https:\/\/perso.ens-lyon.fr\/amandine.escalier\/\">A. Escalier<\/a>, <a href=\"https:\/\/perso.ens-lyon.fr\/gaboriau\/\">D. Gaboriau<\/a>, <a href=\"https:\/\/www.imo.universite-paris-saclay.fr\/~anne.lonjou\/\">A. Lonjou<\/a> et <a href=\"https:\/\/lmbp.uca.fr\/~stalder\/\">Y. Stalder<\/a><\/p>\n\n\n\n<hr class=\"wp-block-separator has-alpha-channel-opacity\"\/>\n\n\n\n<h2 class=\"wp-block-heading has-text-align-center is-style-text-subtitle is-style-text-subtitle--2\">Conf\u00e9rences<\/h2>\n\n\n\n<p><a href=\"https:\/\/transcouesnon.sciencesconf.org\/\">Journ\u00e9es Trans-Couesnon de th\u00e9orie des groupes<\/a> (du 16 au 18 mars 2026 \u00e0 Caen) : Co-organisateur avec <a href=\"https:\/\/perso.univ-rennes1.fr\/vincent.guirardel\/\">V. Guirardel<\/a> et <a href=\"https:\/\/levitt.users.lmno.cnrs.fr\/\">G. Levitt<\/a><\/p>\n","protected":false},"excerpt":{"rendered":"<p>S\u00e9minaires S\u00e9minaire \u00ab\u00a0Alg\u00e8bre et G\u00e9om\u00e9trie\u00a0\u00bb \u00e0 Caen : Co-organisateur avec J. Guaschi et A. Souli\u00e9 S\u00e9minaire virtuel francophone \u00ab\u00a0Groupes et G\u00e9om\u00e9trie\u00a0\u00bb : Co-organisateur avec F. Dahmani, A. Escalier, D. Gaboriau, A. Lonjou et Y. Stalder Conf\u00e9rences Journ\u00e9es Trans-Couesnon de th\u00e9orie des groupes (du 16 au 18 mars 2026 \u00e0 Caen) : Co-organisateur avec V. Guirardel [&hellip;]<\/p>\n","protected":false},"author":1,"featured_media":0,"parent":0,"menu_order":0,"comment_status":"closed","ping_status":"closed","template":"","meta":{"footnotes":""},"class_list":["post-114","page","type-page","status-publish","hentry"],"yoast_head":"<!-- This site is optimized with the Yoast SEO plugin v24.4 - https:\/\/yoast.com\/wordpress\/plugins\/seo\/ -->\n<title>Organisation - Page personnelle de Yassine Guerch<\/title>\n<meta name=\"robots\" content=\"index, follow, max-snippet:-1, max-image-preview:large, max-video-preview:-1\" \/>\n<link rel=\"canonical\" href=\"https:\/\/website-yassineguerch.apps.math.cnrs.fr\/?page_id=114\" \/>\n<meta property=\"og:locale\" content=\"fr_FR\" \/>\n<meta property=\"og:type\" content=\"article\" \/>\n<meta property=\"og:title\" content=\"Organisation - Page personnelle de Yassine Guerch\" \/>\n<meta property=\"og:description\" content=\"S\u00e9minaires S\u00e9minaire \u00ab\u00a0Alg\u00e8bre et G\u00e9om\u00e9trie\u00a0\u00bb \u00e0 Caen : Co-organisateur avec J. Guaschi et A. Souli\u00e9 S\u00e9minaire virtuel francophone \u00ab\u00a0Groupes et G\u00e9om\u00e9trie\u00a0\u00bb : Co-organisateur avec F. Dahmani, A. Escalier, D. Gaboriau, A. Lonjou et Y. Stalder Conf\u00e9rences Journ\u00e9es Trans-Couesnon de th\u00e9orie des groupes (du 16 au 18 mars 2026 \u00e0 Caen) : Co-organisateur avec V. Guirardel [&hellip;]\" \/>\n<meta property=\"og:url\" content=\"https:\/\/website-yassineguerch.apps.math.cnrs.fr\/?page_id=114\" \/>\n<meta property=\"og:site_name\" content=\"Page personnelle de Yassine Guerch\" \/>\n<meta property=\"article:modified_time\" content=\"2025-12-16T17:28:15+00:00\" \/>\n<meta name=\"twitter:card\" content=\"summary_large_image\" \/>\n<meta name=\"twitter:label1\" content=\"Dur\u00e9e de lecture estim\u00e9e\" \/>\n\t<meta name=\"twitter:data1\" content=\"1 minute\" \/>\n<script type=\"application\/ld+json\" class=\"yoast-schema-graph\">{\"@context\":\"https:\/\/schema.org\",\"@graph\":[{\"@type\":\"WebPage\",\"@id\":\"https:\/\/website-yassineguerch.apps.math.cnrs.fr\/?page_id=114\",\"url\":\"https:\/\/website-yassineguerch.apps.math.cnrs.fr\/?page_id=114\",\"name\":\"Organisation - Page personnelle de Yassine Guerch\",\"isPartOf\":{\"@id\":\"https:\/\/website-yassineguerch.apps.math.cnrs.fr\/#website\"},\"datePublished\":\"2025-10-27T13:41:21+00:00\",\"dateModified\":\"2025-12-16T17:28:15+00:00\",\"breadcrumb\":{\"@id\":\"https:\/\/website-yassineguerch.apps.math.cnrs.fr\/?page_id=114#breadcrumb\"},\"inLanguage\":\"fr-FR\",\"potentialAction\":[{\"@type\":\"ReadAction\",\"target\":[\"https:\/\/website-yassineguerch.apps.math.cnrs.fr\/?page_id=114\"]}]},{\"@type\":\"BreadcrumbList\",\"@id\":\"https:\/\/website-yassineguerch.apps.math.cnrs.fr\/?page_id=114#breadcrumb\",\"itemListElement\":[{\"@type\":\"ListItem\",\"position\":1,\"name\":\"Accueil\",\"item\":\"https:\/\/website-yassineguerch.apps.math.cnrs.fr\/\"},{\"@type\":\"ListItem\",\"position\":2,\"name\":\"Organisation\"}]},{\"@type\":\"WebSite\",\"@id\":\"https:\/\/website-yassineguerch.apps.math.cnrs.fr\/#website\",\"url\":\"https:\/\/website-yassineguerch.apps.math.cnrs.fr\/\",\"name\":\"Page personnelle Yassine Guerch\",\"description\":\"\",\"potentialAction\":[{\"@type\":\"SearchAction\",\"target\":{\"@type\":\"EntryPoint\",\"urlTemplate\":\"https:\/\/website-yassineguerch.apps.math.cnrs.fr\/?s={search_term_string}\"},\"query-input\":{\"@type\":\"PropertyValueSpecification\",\"valueRequired\":true,\"valueName\":\"search_term_string\"}}],\"inLanguage\":\"fr-FR\"}]}<\/script>\n<!-- \/ Yoast SEO plugin. -->","yoast_head_json":{"title":"Organisation - Page personnelle de Yassine Guerch","robots":{"index":"index","follow":"follow","max-snippet":"max-snippet:-1","max-image-preview":"max-image-preview:large","max-video-preview":"max-video-preview:-1"},"canonical":"https:\/\/website-yassineguerch.apps.math.cnrs.fr\/?page_id=114","og_locale":"fr_FR","og_type":"article","og_title":"Organisation - Page personnelle de Yassine Guerch","og_description":"S\u00e9minaires S\u00e9minaire \u00ab\u00a0Alg\u00e8bre et G\u00e9om\u00e9trie\u00a0\u00bb \u00e0 Caen : Co-organisateur avec J. Guaschi et A. Souli\u00e9 S\u00e9minaire virtuel francophone \u00ab\u00a0Groupes et G\u00e9om\u00e9trie\u00a0\u00bb : Co-organisateur avec F. Dahmani, A. Escalier, D. Gaboriau, A. Lonjou et Y. Stalder Conf\u00e9rences Journ\u00e9es Trans-Couesnon de th\u00e9orie des groupes (du 16 au 18 mars 2026 \u00e0 Caen) : Co-organisateur avec V. Guirardel [&hellip;]","og_url":"https:\/\/website-yassineguerch.apps.math.cnrs.fr\/?page_id=114","og_site_name":"Page personnelle de Yassine Guerch","article_modified_time":"2025-12-16T17:28:15+00:00","twitter_card":"summary_large_image","twitter_misc":{"Dur\u00e9e de lecture estim\u00e9e":"1 minute"},"schema":{"@context":"https:\/\/schema.org","@graph":[{"@type":"WebPage","@id":"https:\/\/website-yassineguerch.apps.math.cnrs.fr\/?page_id=114","url":"https:\/\/website-yassineguerch.apps.math.cnrs.fr\/?page_id=114","name":"Organisation - Page personnelle de Yassine Guerch","isPartOf":{"@id":"https:\/\/website-yassineguerch.apps.math.cnrs.fr\/#website"},"datePublished":"2025-10-27T13:41:21+00:00","dateModified":"2025-12-16T17:28:15+00:00","breadcrumb":{"@id":"https:\/\/website-yassineguerch.apps.math.cnrs.fr\/?page_id=114#breadcrumb"},"inLanguage":"fr-FR","potentialAction":[{"@type":"ReadAction","target":["https:\/\/website-yassineguerch.apps.math.cnrs.fr\/?page_id=114"]}]},{"@type":"BreadcrumbList","@id":"https:\/\/website-yassineguerch.apps.math.cnrs.fr\/?page_id=114#breadcrumb","itemListElement":[{"@type":"ListItem","position":1,"name":"Accueil","item":"https:\/\/website-yassineguerch.apps.math.cnrs.fr\/"},{"@type":"ListItem","position":2,"name":"Organisation"}]},{"@type":"WebSite","@id":"https:\/\/website-yassineguerch.apps.math.cnrs.fr\/#website","url":"https:\/\/website-yassineguerch.apps.math.cnrs.fr\/","name":"Page personnelle Yassine Guerch","description":"","potentialAction":[{"@type":"SearchAction","target":{"@type":"EntryPoint","urlTemplate":"https:\/\/website-yassineguerch.apps.math.cnrs.fr\/?s={search_term_string}"},"query-input":{"@type":"PropertyValueSpecification","valueRequired":true,"valueName":"search_term_string"}}],"inLanguage":"fr-FR"}]}},"_links":{"self":[{"href":"https:\/\/website-yassineguerch.apps.math.cnrs.fr\/index.php?rest_route=\/wp\/v2\/pages\/114","targetHints":{"allow":["GET"]}}],"collection":[{"href":"https:\/\/website-yassineguerch.apps.math.cnrs.fr\/index.php?rest_route=\/wp\/v2\/pages"}],"about":[{"href":"https:\/\/website-yassineguerch.apps.math.cnrs.fr\/index.php?rest_route=\/wp\/v2\/types\/page"}],"author":[{"embeddable":true,"href":"https:\/\/website-yassineguerch.apps.math.cnrs.fr\/index.php?rest_route=\/wp\/v2\/users\/1"}],"replies":[{"embeddable":true,"href":"https:\/\/website-yassineguerch.apps.math.cnrs.fr\/index.php?rest_route=%2Fwp%2Fv2%2Fcomments&post=114"}],"version-history":[{"count":4,"href":"https:\/\/website-yassineguerch.apps.math.cnrs.fr\/index.php?rest_route=\/wp\/v2\/pages\/114\/revisions"}],"predecessor-version":[{"id":131,"href":"https:\/\/website-yassineguerch.apps.math.cnrs.fr\/index.php?rest_route=\/wp\/v2\/pages\/114\/revisions\/131"}],"wp:attachment":[{"href":"https:\/\/website-yassineguerch.apps.math.cnrs.fr\/index.php?rest_route=%2Fwp%2Fv2%2Fmedia&parent=114"}],"curies":[{"name":"wp","href":"https:\/\/api.w.org\/{rel}","templated":true}]}}